{"id":116,"date":"2016-06-05T21:02:14","date_gmt":"2016-06-05T21:02:14","guid":{"rendered":"http:\/\/ideyarte.com\/site\/?page_id=116"},"modified":"2023-10-12T15:46:39","modified_gmt":"2023-10-12T15:46:39","slug":"roupas","status":"publish","type":"page","link":"https:\/\/ideyarte.com\/site\/roupas\/","title":{"rendered":"Roupa"},"content":{"rendered":"<p><img loading=\"lazy\" class=\"aligncenter size-full wp-image-134\" src=\"https:\/\/ideyarte.com\/site\/wp-content\/uploads\/2016\/06\/h_roupas.png\" alt=\"h_roupas\" width=\"272\" height=\"59\"><br \/>\nA Roupa uma das vertente da Ideyarte. Para al\u00e9m das roupas de celebra\u00e7\u00e3o como batizado e comunh\u00e3o temos tamb\u00e9m uma linha para Rec\u00e9m-nascido.<\/p>\n<p>Roupas e produtos \u00fanicos que focam no conforto do seu beb\u00e9!<\/p>\n<p>Visite-nos e conhe\u00e7a de perto o que temos para lhe oferecer. Estarmos sempre atuais \u00e9 a principal preocupa\u00e7\u00e3o da Ideyarte<\/p>\n<div id=\"metaslider-id-180\" style=\"width: 100%; margin: 0 auto;\" class=\"ml-slider-3-24-0 metaslider metaslider-flex metaslider-180 ml-slider nav-hidden\">\n    <div id=\"metaslider_container_180\">\n        <div id=\"metaslider_180\">\n            <ul aria-live=\"polite\" class=\"slides\">\n                <li style=\"display: block; width: 100%;\" class=\"slide-549 ms-image\"><img src=\"https:\/\/ideyarte.com\/site\/wp-content\/uploads\/2023\/10\/IMG_2319_Easy-Resize.com_-853x853.jpg\" height=\"2000\" width=\"2000\" alt=\"\" class=\"slider-180 slide-549\" title=\"IMG_2319_Easy-Resize.com\" \/><\/li>\n                <li style=\"display: none; width: 100%;\" class=\"slide-550 ms-image\"><img src=\"https:\/\/ideyarte.com\/site\/wp-content\/uploads\/2023\/10\/IMG_2339_Easy-Resize.com_-853x853.jpg\" height=\"2000\" width=\"2000\" alt=\"\" class=\"slider-180 slide-550\" title=\"IMG_2339_Easy-Resize.com\" \/><\/li>\n                <li style=\"display: none; width: 100%;\" class=\"slide-551 ms-image\"><img src=\"https:\/\/ideyarte.com\/site\/wp-content\/uploads\/2023\/04\/IMG_2354_Easy-Resize.com_-900x900.jpg\" height=\"2000\" width=\"2000\" alt=\"\" class=\"slider-180 slide-551\" title=\"IMG_2354_Easy-Resize.com\" \/><\/li>\n                <li style=\"display: none; width: 100%;\" class=\"slide-552 ms-image\"><img src=\"https:\/\/ideyarte.com\/site\/wp-content\/uploads\/2023\/04\/IMG_2355_Easy-Resize.com_-853x853.jpg\" height=\"2000\" width=\"2000\" alt=\"\" class=\"slider-180 slide-552\" title=\"IMG_2355_Easy-Resize.com\" \/><\/li>\n                <li style=\"display: none; width: 100%;\" class=\"slide-553 ms-image\"><img src=\"https:\/\/ideyarte.com\/site\/wp-content\/uploads\/2023\/10\/IMG_0145_Easy-Resize.com_-853x853.jpg\" height=\"2000\" width=\"2000\" alt=\"\" class=\"slider-180 slide-553\" title=\"IMG_0145_Easy-Resize.com\" \/><\/li>\n                <li style=\"display: none; width: 100%;\" class=\"slide-554 ms-image\"><img src=\"https:\/\/ideyarte.com\/site\/wp-content\/uploads\/2023\/10\/IMG_2824_Easy-Resize.com_-853x853.jpg\" height=\"2000\" width=\"2000\" alt=\"\" class=\"slider-180 slide-554\" title=\"IMG_2824_Easy-Resize.com\" \/><\/li>\n            <\/ul>\n        <\/div>\n        \n    <\/div>\n<\/div>\n","protected":false},"excerpt":{"rendered":"<p>A Roupa uma das vertente da Ideyarte. Para al\u00e9m das roupas de celebra\u00e7\u00e3o como batizado e comunh\u00e3o temos tamb\u00e9m uma linha para Rec\u00e9m-nascido. Roupas e produtos \u00fanicos que focam no conforto do seu beb\u00e9! Visite-nos e conhe\u00e7a de perto o que temos para lhe oferecer. Estarmos sempre atuais \u00e9 a principal preocupa\u00e7\u00e3o da Ideyarte<\/p>\n","protected":false},"author":1,"featured_media":0,"parent":0,"menu_order":0,"comment_status":"closed","ping_status":"closed","template":"temp_roupa.php","meta":[],"_links":{"self":[{"href":"https:\/\/ideyarte.com\/site\/wp-json\/wp\/v2\/pages\/116"}],"collection":[{"href":"https:\/\/ideyarte.com\/site\/wp-json\/wp\/v2\/pages"}],"about":[{"href":"https:\/\/ideyarte.com\/site\/wp-json\/wp\/v2\/types\/page"}],"author":[{"embeddable":true,"href":"https:\/\/ideyarte.com\/site\/wp-json\/wp\/v2\/users\/1"}],"replies":[{"embeddable":true,"href":"https:\/\/ideyarte.com\/site\/wp-json\/wp\/v2\/comments?post=116"}],"version-history":[{"count":11,"href":"https:\/\/ideyarte.com\/site\/wp-json\/wp\/v2\/pages\/116\/revisions"}],"predecessor-version":[{"id":507,"href":"https:\/\/ideyarte.com\/site\/wp-json\/wp\/v2\/pages\/116\/revisions\/507"}],"wp:attachment":[{"href":"https:\/\/ideyarte.com\/site\/wp-json\/wp\/v2\/media?parent=116"}],"curies":[{"name":"wp","href":"https:\/\/api.w.org\/{rel}","templated":true}]}}