{"id":110,"date":"2016-06-05T21:00:01","date_gmt":"2016-06-05T21:00:01","guid":{"rendered":"http:\/\/ideyarte.com\/site\/?page_id=110"},"modified":"2023-04-13T14:24:09","modified_gmt":"2023-04-13T14:24:09","slug":"comunhoes","status":"publish","type":"page","link":"https:\/\/ideyarte.com\/site\/comunhoes\/","title":{"rendered":"Comunh\u00f5es"},"content":{"rendered":"\n<p class=\"has-text-align-center has-pale-pink-color has-text-color has-huge-font-size\">Comunh\u00e3o<\/p>\n\n\n<p>Chegou a altura em que quer celebrar com a sua fam\u00edlia e amigos a comunh\u00e3o do seu filho. Temos algumas sugest\u00f5es para lhe dar, fa\u00e7a desse dia escolhido uma ocasi\u00e3o especial<\/p>\n\n\n<p><\/p>\n","protected":false},"excerpt":{"rendered":"<p>Comunh\u00e3o Chegou a altura em que quer celebrar com a sua fam\u00edlia e amigos a comunh\u00e3o do seu filho. Temos algumas sugest\u00f5es para lhe dar, fa\u00e7a desse dia escolhido uma ocasi\u00e3o especial<\/p>\n","protected":false},"author":1,"featured_media":0,"parent":0,"menu_order":0,"comment_status":"closed","ping_status":"closed","template":"temp_comunhao.php","meta":[],"_links":{"self":[{"href":"https:\/\/ideyarte.com\/site\/wp-json\/wp\/v2\/pages\/110"}],"collection":[{"href":"https:\/\/ideyarte.com\/site\/wp-json\/wp\/v2\/pages"}],"about":[{"href":"https:\/\/ideyarte.com\/site\/wp-json\/wp\/v2\/types\/page"}],"author":[{"embeddable":true,"href":"https:\/\/ideyarte.com\/site\/wp-json\/wp\/v2\/users\/1"}],"replies":[{"embeddable":true,"href":"https:\/\/ideyarte.com\/site\/wp-json\/wp\/v2\/comments?post=110"}],"version-history":[{"count":3,"href":"https:\/\/ideyarte.com\/site\/wp-json\/wp\/v2\/pages\/110\/revisions"}],"predecessor-version":[{"id":409,"href":"https:\/\/ideyarte.com\/site\/wp-json\/wp\/v2\/pages\/110\/revisions\/409"}],"wp:attachment":[{"href":"https:\/\/ideyarte.com\/site\/wp-json\/wp\/v2\/media?parent=110"}],"curies":[{"name":"wp","href":"https:\/\/api.w.org\/{rel}","templated":true}]}}