{"id":106,"date":"2016-06-05T20:57:49","date_gmt":"2016-06-05T20:57:49","guid":{"rendered":"http:\/\/ideyarte.com\/site\/?page_id=106"},"modified":"2023-04-13T14:23:06","modified_gmt":"2023-04-13T14:23:06","slug":"baptizados","status":"publish","type":"page","link":"https:\/\/ideyarte.com\/site\/baptizados\/","title":{"rendered":"Batizados"},"content":{"rendered":"\n<p class=\"has-text-align-center has-pale-pink-color has-text-color has-huge-font-size\"> Batizados<\/p>\n\n\n<p>O Batismo do seu filho \u00e9 sem d\u00favida um dos momentos deveras importante na sua vida&#8230; Acrescente valor \u00e0 festa! Lembre-se que pequenos pormenores fazem uma grande diferen\u00e7a.<\/p>\n<p>Desde do vestido\/fato at\u00e9 aos conjuntos completos&#8230; Toalha, velha e conha. Tudo personalizado.<\/p>","protected":false},"excerpt":{"rendered":"<p>Batizados O Batismo do seu filho \u00e9 sem d\u00favida um dos momentos deveras importante na sua vida&#8230; Acrescente valor \u00e0 festa! Lembre-se que pequenos pormenores fazem uma grande diferen\u00e7a. Desde do vestido\/fato at\u00e9 aos conjuntos completos&#8230; Toalha, velha e conha. Tudo personalizado.<\/p>\n","protected":false},"author":1,"featured_media":0,"parent":0,"menu_order":0,"comment_status":"closed","ping_status":"closed","template":"temp_baptizados.php","meta":[],"_links":{"self":[{"href":"https:\/\/ideyarte.com\/site\/wp-json\/wp\/v2\/pages\/106"}],"collection":[{"href":"https:\/\/ideyarte.com\/site\/wp-json\/wp\/v2\/pages"}],"about":[{"href":"https:\/\/ideyarte.com\/site\/wp-json\/wp\/v2\/types\/page"}],"author":[{"embeddable":true,"href":"https:\/\/ideyarte.com\/site\/wp-json\/wp\/v2\/users\/1"}],"replies":[{"embeddable":true,"href":"https:\/\/ideyarte.com\/site\/wp-json\/wp\/v2\/comments?post=106"}],"version-history":[{"count":5,"href":"https:\/\/ideyarte.com\/site\/wp-json\/wp\/v2\/pages\/106\/revisions"}],"predecessor-version":[{"id":408,"href":"https:\/\/ideyarte.com\/site\/wp-json\/wp\/v2\/pages\/106\/revisions\/408"}],"wp:attachment":[{"href":"https:\/\/ideyarte.com\/site\/wp-json\/wp\/v2\/media?parent=106"}],"curies":[{"name":"wp","href":"https:\/\/api.w.org\/{rel}","templated":true}]}}