{"id":102,"date":"2016-06-04T11:50:58","date_gmt":"2016-06-04T11:50:58","guid":{"rendered":"http:\/\/ideyarte.com\/site\/?page_id=102"},"modified":"2023-04-12T13:19:45","modified_gmt":"2023-04-12T13:19:45","slug":"a-ideyarte","status":"publish","type":"page","link":"https:\/\/ideyarte.com\/site\/","title":{"rendered":"A Ideyarte"},"content":{"rendered":"<p><img loading=\"lazy\" class=\"aligncenter wp-image-289 size-full\" src=\"https:\/\/ideyarte.com\/site\/wp-content\/uploads\/2016\/05\/aideyarte.png\" width=\"271\" height=\"63\" \/><\/p>\n<p>A pensar em todos os pormenores para o seu evento \u00fanico, criamos a Ideyarte!<br \/>\nTornamos o seu dia personalizado, \u00fanico e original!<\/p>\n<p>Somos um atelier de cria\u00e7\u00e3o e vestu\u00e1rio exclusivamente para si!<\/p>\n<p>Desde o vestu\u00e1rio de comunh\u00e3o e batizado aos convites, ementas, placards, marcadores de mesa, \u00e0s \u201cpequenas ofertas\u201d\u2026 Tratamos de tudo para ajudar a tornar o dia da sua crian\u00e7a ainda mais especial.<\/p>\n<p>D\u00ea glamour \u00e0 sua festa. Lembre-se sempre que um grande momento \u00e9 feito de pequenos pormenores!<\/p>\n","protected":false},"excerpt":{"rendered":"<p>A pensar em todos os pormenores para o seu evento \u00fanico, criamos a Ideyarte! Tornamos o seu dia personalizado, \u00fanico e original! Somos um atelier de cria\u00e7\u00e3o e vestu\u00e1rio exclusivamente para si! Desde o vestu\u00e1rio de comunh\u00e3o e batizado aos convites, ementas, placards, marcadores de mesa, \u00e0s \u201cpequenas ofertas\u201d\u2026 Tratamos de tudo para ajudar a [&hellip;]<\/p>\n","protected":false},"author":1,"featured_media":0,"parent":0,"menu_order":0,"comment_status":"closed","ping_status":"closed","template":"temp_aideyarte_a.php","meta":[],"_links":{"self":[{"href":"https:\/\/ideyarte.com\/site\/wp-json\/wp\/v2\/pages\/102"}],"collection":[{"href":"https:\/\/ideyarte.com\/site\/wp-json\/wp\/v2\/pages"}],"about":[{"href":"https:\/\/ideyarte.com\/site\/wp-json\/wp\/v2\/types\/page"}],"author":[{"embeddable":true,"href":"https:\/\/ideyarte.com\/site\/wp-json\/wp\/v2\/users\/1"}],"replies":[{"embeddable":true,"href":"https:\/\/ideyarte.com\/site\/wp-json\/wp\/v2\/comments?post=102"}],"version-history":[{"count":9,"href":"https:\/\/ideyarte.com\/site\/wp-json\/wp\/v2\/pages\/102\/revisions"}],"predecessor-version":[{"id":361,"href":"https:\/\/ideyarte.com\/site\/wp-json\/wp\/v2\/pages\/102\/revisions\/361"}],"wp:attachment":[{"href":"https:\/\/ideyarte.com\/site\/wp-json\/wp\/v2\/media?parent=102"}],"curies":[{"name":"wp","href":"https:\/\/api.w.org\/{rel}","templated":true}]}}